{"id":3539,"date":"2022-04-29T16:59:55","date_gmt":"2022-04-29T16:59:55","guid":{"rendered":"https:\/\/badges-institutpf.org\/user-charter\/"},"modified":"2023-11-10T21:20:45","modified_gmt":"2023-11-10T21:20:45","slug":"user-charter","status":"publish","type":"page","link":"https:\/\/badges-institutpf.org\/en\/user-charter\/","title":{"rendered":"USER CHARTER"},"content":{"rendered":"<div  class=\"tatsu-h7ti1qibr73bvvf1 tatsu-section  tatsu-bg-overlay   tatsu-clearfix\" data-title=\"\"  data-headerscheme=\"background--dark\"><div class='tatsu-section-pad clearfix' data-padding='{\"d\":\"90px 0px 90px 0px\"}' data-padding-top='90px'><div class=\"tatsu-row-wrap  tatsu-wrap tatsu-row-one-col tatsu-row-has-one-cols tatsu-medium-gutter tatsu-reg-cols  tatsu-clearfix tatsu-h7ti1qibtecvxo5l\" ><div  class=\"tatsu-row \" ><div  class=\"tatsu-column  tatsu-bg-overlay tatsu-one-col tatsu-column-image-none tatsu-column-effect-none  tatsu-h7ti1qibuzbh2gsc\"  data-parallax-speed=\"0\" style=\"\"><div class=\"tatsu-column-inner \" ><div class=\"tatsu-column-pad-wrap\"><div class=\"tatsu-column-pad\" ><div  class=\"tatsu-module tatsu-text-block-wrap tatsu-h7ti1qibwv94owu2  \"><div class=\"tatsu-text-inner tatsu-align-center  clearfix\" ><style>.tatsu-h7ti1qibwv94owu2.tatsu-text-block-wrap .tatsu-text-inner{width: 100%;text-align: left;}<\/style>\n<p><b>This policy is only available in French for the moment. An English version will follow shortly.<\/b><\/p>\n<p>\u00a0<\/p>\n<p><span style=\"font-weight: 400;\">L\u2019Institut se r\u00e9serve le droit de modifier la\u00a0Charte\u00a0des utilisateurs, les\u00a0<\/span><a href=\"https:\/\/badges-institutpf.org\/conditions-dutilisation\/\"><span style=\"font-weight: 400;\">Conditions d\u2019utilisation<\/span><\/a><span style=\"font-weight: 400;\">\u00a0et la\u00a0<\/span><a href=\"https:\/\/badges-institutpf.org\/politique-de-confidentialite\/\"><span style=\"font-weight: 400;\">Politique de confidentialit\u00e9<\/span><\/a><span style=\"font-weight: 400;\">.<\/span><\/p>\n<p>\u00a0<\/p>\n<p><span style=\"font-weight: 400;\">En vous inscrivant sur\u00a0<\/span><a href=\"https:\/\/can01.safelinks.protection.outlook.com\/?url=http%3A%2F%2Fbadges-institutpf.org%2F&amp;data=05%7C01%7Cllandry%40iqpf.org%7Cc5103a65e54a41718ca708da376e38e3%7C2189e3a1b56f4ecb9b89d2c8db368bd6%7C0%7C0%7C637883243799500044%7CUnknown%7CTWFpbGZsb3d8eyJWIjoiMC4wLjAwMDAiLCJQIjoiV2luMzIiLCJBTiI6Ik1haWwiLCJXVCI6Mn0%3D%7C3000%7C%7C%7C&amp;sdata=BXUdqaPCuuCg3FhjpVDjFea6T8%2BMqAOkhDhceEnObHA%3D&amp;reserved=0\"><span style=\"font-weight: 400;\">badges-institutpf.org<\/span><\/a><span style=\"font-weight: 400;\">, vous rejoignez une communaut\u00e9 d\u2019apprenants et d\u2019apprenantes de l\u2019Institut. L\u2019ambition de Institut est de favoriser le d\u00e9veloppement professionnel des planificateurs financiers et des planificatrices financi\u00e8res et d\u2019\u00eatre un lieu de rassemblement pour les partenaires en finance. L\u2019Institut favorise l\u2019innovation p\u00e9dagogique, en se basant sur le partage du savoir, de l\u2019exp\u00e9rience et des connaissances acquises, et ce, quelle que soit la localisation g\u00e9ographique de ses utilisateurs.<\/span><\/p>\n<p>\u00a0<\/p>\n<p><span style=\"font-weight: 400;\">Tout utilisateur souhaitant acc\u00e9der \u00e0\u00a0<\/span><a href=\"https:\/\/can01.safelinks.protection.outlook.com\/?url=http%3A%2F%2Fbadges-institutpf.org%2F&amp;data=05%7C01%7Cllandry%40iqpf.org%7Cc5103a65e54a41718ca708da376e38e3%7C2189e3a1b56f4ecb9b89d2c8db368bd6%7C0%7C0%7C637883243799500044%7CUnknown%7CTWFpbGZsb3d8eyJWIjoiMC4wLjAwMDAiLCJQIjoiV2luMzIiLCJBTiI6Ik1haWwiLCJXVCI6Mn0%3D%7C3000%7C%7C%7C&amp;sdata=BXUdqaPCuuCg3FhjpVDjFea6T8%2BMqAOkhDhceEnObHA%3D&amp;reserved=0\"><span style=\"font-weight: 400;\">badges-institutpf.org<\/span><\/a><span style=\"font-weight: 400;\">\u00a0doit donc avoir pr\u00e9alablement consult\u00e9 la pr\u00e9sente Charte des utilisateurs ainsi que les\u00a0<\/span><a href=\"https:\/\/badges-institutpf.org\/conditions-dutilisation\/\"><span style=\"font-weight: 400;\">Conditions d\u2019utilisation<\/span><\/a><span style=\"font-weight: 400;\">\u00a0et la\u00a0<\/span><a href=\"https:\/\/badges-institutpf.org\/politique-de-confidentialite\/\"><span style=\"font-weight: 400;\">Politique de confidentialit\u00e9<\/span><\/a><span style=\"font-weight: 400;\">\u00a0qui d\u00e9crivent les conditions dans lesquelles l\u2019Institut donne acc\u00e8s \u00e0 ses services.<\/span><\/p>\n<p>\u00a0<\/p>\n<p><span style=\"font-weight: 400;\">En s\u2019inscrivant sur\u00a0<\/span><a href=\"https:\/\/badges-institutpf.org\/inscription\/\"><span style=\"font-weight: 400;\">https:\/\/badges-institutpf.org\/inscription\/<\/span><\/a><span style=\"font-weight: 400;\">, l\u2019utilisateur est r\u00e9put\u00e9 avoir accept\u00e9, sans restriction ni r\u00e9serve, les\u00a0<\/span><a href=\"https:\/\/badges-institutpf.org\/conditions-dutilisation\/\"><span style=\"font-weight: 400;\">Conditions d\u2019utilisation<\/span><\/a><span style=\"font-weight: 400;\">, la Charte des utilisateurs et la\u00a0<\/span><a href=\"https:\/\/badges-institutpf.org\/politique-de-confidentialite\/\"><span style=\"font-weight: 400;\">Politique de confidentialit\u00e9<\/span><\/a><span style=\"font-weight: 400;\">.<\/span><\/p>\n<p>\u00a0<\/p>\n<p><b>Recommandations aux utilisateurs (pour les formations avec badges num\u00e9riques)<\/b><\/p>\n<p>\u00a0<\/p>\n<p><span style=\"font-weight: 400;\">L\u2019utilisateur est encourag\u00e9 \u00e0 :<\/span><\/p>\n<p>\u00a0<\/p>\n<ul>\n<li style=\"font-weight: 400;\" aria-level=\"1\"><span style=\"font-weight: 400;\">Bien remplir son profil d\u2019utilisateur dans la section pr\u00e9vue \u00e0 cette fin.<\/span><\/li>\n<li style=\"font-weight: 400;\" aria-level=\"1\"><span style=\"font-weight: 400;\">Explorer librement l\u2019ensemble des activit\u00e9s d\u2019une formation offertes par l\u2019Institut : vid\u00e9os, lectures, liens et autres \u00e9l\u00e9ments.<\/span><\/li>\n<li style=\"font-weight: 400;\" aria-level=\"1\"><span style=\"font-weight: 400;\">Adopter une d\u00e9marche r\u00e9flexive dans l\u2019exploration des sujets propos\u00e9s, principalement en termes d\u2019impacts sur sa pratique et sur les services \u00e0 ses clients.<\/span><\/li>\n<li style=\"font-weight: 400;\" aria-level=\"1\"><span style=\"font-weight: 400;\">Discuter librement avec les autres apprenants des concepts g\u00e9n\u00e9raux et des ressources pr\u00e9sent\u00e9s dans les espaces de discussion collaboratifs et dans les m\u00e9dias sociaux.<\/span><\/li>\n<li style=\"font-weight: 400;\" aria-level=\"1\"><span style=\"font-weight: 400;\">Utiliser \u00e0 son avantage professionnel l\u2019espace portfolio des apprenants de l\u2019Institut, afin de mettre en \u00e9vidence ses r\u00e9alisations.<\/span><\/li>\n<\/ul>\n<p><span style=\"font-weight: 400;\">\u00a0<\/span><\/p>\n<p><b>Engagements des utilisateurs<\/b><\/p>\n<p>\u00a0<\/p>\n<p><span style=\"font-weight: 400;\">En compl\u00e9ment des r\u00e8gles de conduite pr\u00e9cis\u00e9es dans les\u00a0<\/span><a href=\"https:\/\/badges-institutpf.org\/conditions-dutilisation\/\"><span style=\"font-weight: 400;\">Conditions d\u2019utilisation<\/span><\/a><span style=\"font-weight: 400;\">, l\u2019utilisateur s\u2019engage \u00e0 :<\/span><\/p>\n<p>\u00a0<\/p>\n<ul>\n<li style=\"font-weight: 400;\" aria-level=\"1\"><span style=\"font-weight: 400;\">Soumettre les \u00e9l\u00e9ments pertinents qui soutiennent une demande de badge num\u00e9rique.<\/span><\/li>\n<li style=\"font-weight: 400;\" aria-level=\"1\"><span style=\"font-weight: 400;\">Respecter les droits de propri\u00e9t\u00e9 intellectuelle accord\u00e9s par la licence d\u2019utilisation attach\u00e9e \u00e0 chaque badge, ainsi que ceux associ\u00e9s aux contenus externes propos\u00e9s dans les formations.<\/span><\/li>\n<\/ul>\n<p>\u00a0<\/p>\n<p><span style=\"font-weight: 400;\">Donner acc\u00e8s aux responsables de l\u2019Institut \u00e0 ses renseignements personnels collect\u00e9s dans la plateforme pour les besoins de suivis dans les conditions pr\u00e9vues par la\u00a0<\/span><a href=\"https:\/\/badges-institutpf.org\/politique-de-confidentialite\/\"><span style=\"font-weight: 400;\">Politique de confidentialit\u00e9<\/span><\/a><span style=\"font-weight: 400;\">.<\/span><\/p>\n<\/div><\/div><\/div><\/div><div class = \"tatsu-column-bg-image-wrap\"><div class = \"tatsu-column-bg-image\" ><\/div><\/div><div class=\"tatsu-overlay tatsu-column-overlay tatsu-animate-none\" ><\/div><\/div><style>.tatsu-row > .tatsu-h7ti1qibuzbh2gsc.tatsu-column{width: 100%;}.tatsu-h7ti1qibuzbh2gsc.tatsu-column > .tatsu-column-inner > .tatsu-column-overlay{mix-blend-mode: normal;}.tatsu-h7ti1qibuzbh2gsc > .tatsu-column-inner > .tatsu-top-divider{z-index: 9999;}.tatsu-h7ti1qibuzbh2gsc > .tatsu-column-inner > .tatsu-bottom-divider{z-index: 9999;}.tatsu-h7ti1qibuzbh2gsc > .tatsu-column-inner > .tatsu-left-divider{z-index: 9999;}.tatsu-h7ti1qibuzbh2gsc > .tatsu-column-inner > .tatsu-right-divider{z-index: 9999;}<\/style><\/div><\/div><\/div><\/div><div class=\"tatsu-section-background-wrap\"><div class = \"tatsu-section-background\" ><\/div><\/div><div class=\"tatsu-overlay tatsu-section-overlay\"><\/div><style>.tatsu-h7ti1qibr73bvvf1 .tatsu-section-pad{padding: 90px 0px 90px 0px;}.tatsu-h7ti1qibr73bvvf1 > .tatsu-bottom-divider{z-index: 9999;}.tatsu-h7ti1qibr73bvvf1 > .tatsu-top-divider{z-index: 9999;}.tatsu-h7ti1qibr73bvvf1 .tatsu-section-overlay{mix-blend-mode: normal;}<\/style><\/div>\n","protected":false},"excerpt":{"rendered":"<p><a href=\"https:\/\/badges-institutpf.org\/en\/user-charter\/\" class=\"more-link style3-button\">Read More<\/a><\/p>","protected":false},"author":1,"featured_media":0,"parent":0,"menu_order":0,"comment_status":"closed","ping_status":"closed","template":"","meta":{"_themeisle_gutenberg_block_has_review":false,"footnotes":""},"class_list":["post-3539","page","type-page","status-publish","hentry"],"_links":{"self":[{"href":"https:\/\/badges-institutpf.org\/en\/wp-json\/wp\/v2\/pages\/3539"}],"collection":[{"href":"https:\/\/badges-institutpf.org\/en\/wp-json\/wp\/v2\/pages"}],"about":[{"href":"https:\/\/badges-institutpf.org\/en\/wp-json\/wp\/v2\/types\/page"}],"author":[{"embeddable":true,"href":"https:\/\/badges-institutpf.org\/en\/wp-json\/wp\/v2\/users\/1"}],"replies":[{"embeddable":true,"href":"https:\/\/badges-institutpf.org\/en\/wp-json\/wp\/v2\/comments?post=3539"}],"version-history":[{"count":0,"href":"https:\/\/badges-institutpf.org\/en\/wp-json\/wp\/v2\/pages\/3539\/revisions"}],"wp:attachment":[{"href":"https:\/\/badges-institutpf.org\/en\/wp-json\/wp\/v2\/media?parent=3539"}],"curies":[{"name":"wp","href":"https:\/\/api.w.org\/{rel}","templated":true}]}}