{"id":3436,"date":"2014-11-06T04:25:01","date_gmt":"2014-11-06T04:25:01","guid":{"rendered":"https:\/\/badges-institutpf.org\/contact-us\/"},"modified":"2023-12-22T15:48:31","modified_gmt":"2023-12-22T15:48:31","slug":"contact-us","status":"publish","type":"page","link":"https:\/\/badges-institutpf.org\/en\/contact-us\/","title":{"rendered":"Contact Us"},"content":{"rendered":"<div  class=\"tatsu-fqpfj6x4u5rsczp tatsu-section  tatsu-bg-overlay   tatsu-clearfix\" data-title=\"\"  data-headerscheme=\"background--light\"><div class='tatsu-section-pad clearfix' data-padding='{\"d\":\"30px 0% 30px 0%\"}' data-padding-top='30px'><div class=\"tatsu-row-wrap  tatsu-wrap tatsu-row-one-col tatsu-row-has-one-cols tatsu-medium-gutter tatsu-reg-cols  tatsu-clearfix tatsu-fqpfj6x4usb53igh\" ><div  class=\"tatsu-row \" ><div  class=\"tatsu-column  tatsu-bg-overlay tatsu-one-col tatsu-column-image-none tatsu-column-effect-none  tatsu-fqpfj6x4uz8na142\"  data-parallax-speed=\"0\" style=\"\"><div class=\"tatsu-column-inner \" ><div class=\"tatsu-column-pad-wrap\"><div class=\"tatsu-column-pad\" ><div  class=\"tatsu-module tatsu-text-block-wrap tatsu-BJBxJCqmmwa  \"><div class=\"tatsu-text-inner tatsu-align-center  clearfix\" ><style>.tatsu-BJBxJCqmmwa.tatsu-text-block-wrap .tatsu-text-inner{width: 100%;text-align: left;}<\/style>\n<h1><span style=\"color: #ffffff;\">Contact us<\/span><\/h1>\n<\/div><\/div><\/div><\/div><div class = \"tatsu-column-bg-image-wrap\"><div class = \"tatsu-column-bg-image\" ><\/div><\/div><div class=\"tatsu-overlay tatsu-column-overlay tatsu-animate-none\" ><\/div><\/div><style>.tatsu-row > .tatsu-fqpfj6x4uz8na142.tatsu-column{width: 100%;}.tatsu-fqpfj6x4uz8na142.tatsu-column > .tatsu-column-inner > .tatsu-column-overlay{mix-blend-mode: normal;}.tatsu-fqpfj6x4uz8na142 > .tatsu-column-inner > .tatsu-top-divider{z-index: 9999;}.tatsu-fqpfj6x4uz8na142 > .tatsu-column-inner > .tatsu-bottom-divider{z-index: 9999;}.tatsu-fqpfj6x4uz8na142 > .tatsu-column-inner > .tatsu-left-divider{z-index: 9999;}.tatsu-fqpfj6x4uz8na142 > .tatsu-column-inner > .tatsu-right-divider{z-index: 9999;}<\/style><\/div><\/div><\/div><\/div><div class=\"tatsu-section-background-wrap\"><div class = \"tatsu-section-background\" ><\/div><\/div><div class=\"tatsu-overlay tatsu-section-overlay\"><\/div><style>.tatsu-fqpfj6x4u5rsczp.tatsu-section{background-color: rgba(247,91,31,1);}.tatsu-fqpfj6x4u5rsczp{border-width: 0px 0px px 0px;border-style: solid;}.tatsu-fqpfj6x4u5rsczp .tatsu-section-pad{padding: 30px 0% 30px 0%;}.tatsu-fqpfj6x4u5rsczp > .tatsu-bottom-divider{z-index: 9999;}.tatsu-fqpfj6x4u5rsczp > .tatsu-top-divider{z-index: 9999;}.tatsu-fqpfj6x4u5rsczp .tatsu-section-overlay{mix-blend-mode: normal;}<\/style><\/div><div  class=\"tatsu-fqpfj6x4y8bmcvmx tatsu-section  tatsu-bg-overlay   tatsu-clearfix\" data-title=\"\"  data-headerscheme=\"background--light\"><div class='tatsu-section-pad clearfix' data-padding='{\"d\":\"0px 0% 90px 0%\"}' data-padding-top='0px'><div class=\"tatsu-row-wrap  tatsu-row-full-width tatsu-row-one-col tatsu-row-has-one-cols tatsu-medium-gutter tatsu-reg-cols  tatsu-clearfix tatsu-fqpfj6x4yt6g7s4d\" ><div  class=\"tatsu-row \" ><div  class=\"tatsu-column  tatsu-bg-overlay tatsu-one-col tatsu-column-image-none tatsu-column-effect-none  tatsu-fqpfj6x4z19edtkr\"  data-parallax-speed=\"0\" style=\"\"><div class=\"tatsu-column-inner \" ><div class=\"tatsu-column-pad-wrap\"><div class=\"tatsu-column-pad\" ><div class=\"tatsu-module tatsu-gmap-wrapper be-gdpr-consent-message tatsu-animate tatsu-fqpfj6x4z7qzfbv  \" data-animation=\"fadeIn\"   style=\"background-position:center;background-size:cover;background-image:url(data:image\/png;base64,VGhlIEdvb2dsZSBNYXBzIFBsYXRmb3JtIHNlcnZlciByZWplY3RlZCB5b3VyIHJlcXVlc3QuIFlvdSBtdXN0IHVzZSBhbiBBUEkga2V5IHRvIGF1dGhlbnRpY2F0ZSBlYWNoIHJlcXVlc3QgdG8gR29vZ2xlIE1hcHMgUGxhdGZvcm0gQVBJcy4gRm9yIGFkZGl0aW9uYWwgaW5mb3JtYXRpb24sIHBsZWFzZSByZWZlciB0byBodHRwOi8vZy5jby9kZXYvbWFwcy1uby1hY2NvdW50);\" >  \n\t\t\t<style>.tatsu-fqpfj6x4z7qzfbv{height: 400px;}<\/style>\n\t\t\t<div class=\"static-map-overlay\">\n\t\t\t<div class=\"static-map-content\">Your consent is required to display this content from google maps - <a href=\"#gdpr-popup\" class=\"mfp-popup white-popup privacy-settings\" data-type=\"HTML\" >Privacy Settings<\/a> <\/div>\n\t\t\t<\/div>\n\t\t\t<\/div><\/div><\/div><div class = \"tatsu-column-bg-image-wrap\"><div class = \"tatsu-column-bg-image\" ><\/div><\/div><div class=\"tatsu-overlay tatsu-column-overlay tatsu-animate-none\" ><\/div><\/div><style>.tatsu-row > .tatsu-fqpfj6x4z19edtkr.tatsu-column{width: 100%;}.tatsu-fqpfj6x4z19edtkr.tatsu-column > .tatsu-column-inner > .tatsu-column-overlay{mix-blend-mode: normal;}.tatsu-fqpfj6x4z19edtkr > .tatsu-column-inner > .tatsu-top-divider{z-index: 9999;}.tatsu-fqpfj6x4z19edtkr > .tatsu-column-inner > .tatsu-bottom-divider{z-index: 9999;}.tatsu-fqpfj6x4z19edtkr > .tatsu-column-inner > .tatsu-left-divider{z-index: 9999;}.tatsu-fqpfj6x4z19edtkr > .tatsu-column-inner > .tatsu-right-divider{z-index: 9999;}<\/style><\/div><\/div><\/div><div class=\"tatsu-row-wrap  tatsu-wrap tatsu-row-has-two-cols tatsu-medium-gutter tatsu-reg-cols  tatsu-clearfix tatsu-fqpfj6x51uahhrgx\" ><div  class=\"tatsu-row \" ><div  class=\"tatsu-column  tatsu-bg-overlay tatsu-two-third tatsu-column-image-none tatsu-column-effect-none  tatsu-fqpfj6x522bo4vak\"  data-parallax-speed=\"0\" style=\"\"><div class=\"tatsu-column-inner \" ><div class=\"tatsu-column-pad-wrap\"><div class=\"tatsu-column-pad\" ><div  class=\"tatsu-module tatsu-text-block-wrap tatsu-fqpfj6x528ai8xn2  \"><div class=\"tatsu-text-inner tatsu-align-center tatsu-animate clearfix\" data-animation=\"fadeIn\"  ><style>.tatsu-fqpfj6x528ai8xn2.tatsu-text-block-wrap .tatsu-text-inner{text-align: left;}<\/style>\n<h1 id=\"CP_CONTENT_T74D3E246001_PageTitle\" class=\"PageTitle\">Contact-us<\/h1>\n<\/div><\/div><div  class=\"tatsu-module tatsu-text-block-wrap tatsu-Byu7HewEq  \"><div class=\"tatsu-text-inner tatsu-align-center  clearfix\" ><style>.tatsu-Byu7HewEq.tatsu-text-block-wrap .tatsu-text-inner{width: 100%;text-align: left;}<\/style>\n<div class=\"wpcf7 no-js\" id=\"wpcf7-f3465-o1\" lang=\"fr-CA\" dir=\"ltr\">\n<div class=\"screen-reader-response\"><p role=\"status\" aria-live=\"polite\" aria-atomic=\"true\"><\/p> <ul><\/ul><\/div>\n<form action=\"\/en\/wp-json\/wp\/v2\/pages\/3436#wpcf7-f3465-o1\" method=\"post\" class=\"wpcf7-form init\" aria-label=\"Contact form\" novalidate=\"novalidate\" data-status=\"init\">\n<div style=\"display: none;\">\n<input type=\"hidden\" name=\"_wpcf7\" value=\"3465\" \/>\n<input type=\"hidden\" name=\"_wpcf7_version\" value=\"5.9.8\" \/>\n<input type=\"hidden\" name=\"_wpcf7_locale\" value=\"fr_CA\" \/>\n<input type=\"hidden\" name=\"_wpcf7_unit_tag\" value=\"wpcf7-f3465-o1\" \/>\n<input type=\"hidden\" name=\"_wpcf7_container_post\" value=\"0\" \/>\n<input type=\"hidden\" name=\"_wpcf7_posted_data_hash\" value=\"\" \/>\n<input type=\"hidden\" name=\"_wpcf7_recaptcha_response\" value=\"\" \/>\n<\/div>\n<p><span class=\"wpcf7-form-control-wrap\" data-name=\"your-name\"><input size=\"40\" maxlength=\"400\" class=\"wpcf7-form-control wpcf7-text wpcf7-validates-as-required\" aria-required=\"true\" aria-invalid=\"false\" placeholder=\"Your name*\" value=\"\" type=\"text\" name=\"your-name\" \/><\/span><br \/>\n<span class=\"wpcf7-form-control-wrap\" data-name=\"your-email\"><input size=\"40\" maxlength=\"400\" class=\"wpcf7-form-control wpcf7-email wpcf7-validates-as-required wpcf7-text wpcf7-validates-as-email\" aria-required=\"true\" aria-invalid=\"false\" placeholder=\"Your email address*\" value=\"\" type=\"email\" name=\"your-email\" \/><\/span><br \/>\n<span class=\"wpcf7-form-control-wrap\" data-name=\"your-subject\"><input size=\"40\" maxlength=\"400\" class=\"wpcf7-form-control wpcf7-text wpcf7-validates-as-required\" aria-required=\"true\" aria-invalid=\"false\" placeholder=\"Subject*\" value=\"\" type=\"text\" name=\"your-subject\" \/><\/span><br \/>\n<span class=\"wpcf7-form-control-wrap\" data-name=\"your-message\"><textarea cols=\"40\" rows=\"10\" maxlength=\"2000\" class=\"wpcf7-form-control wpcf7-textarea wpcf7-validates-as-required\" aria-required=\"true\" aria-invalid=\"false\" placeholder=\"Your message*\" name=\"your-message\"><\/textarea><\/span><br \/>\n<input class=\"wpcf7-form-control wpcf7-submit has-spinner\" type=\"submit\" value=\"Send\" \/>\n<\/p><div class=\"wpcf7-response-output\" aria-hidden=\"true\"><\/div>\n<\/form>\n<\/div>\n<br \/>\n<\/div><\/div><\/div><\/div><div class = \"tatsu-column-bg-image-wrap\"><div class = \"tatsu-column-bg-image\" ><\/div><\/div><div class=\"tatsu-overlay tatsu-column-overlay tatsu-animate-none\" ><\/div><\/div><style>.tatsu-row > .tatsu-fqpfj6x522bo4vak.tatsu-column{width: 66.67%;}.tatsu-fqpfj6x522bo4vak.tatsu-column > .tatsu-column-inner > .tatsu-column-overlay{mix-blend-mode: normal;}.tatsu-fqpfj6x522bo4vak > .tatsu-column-inner > .tatsu-top-divider{z-index: 9999;}.tatsu-fqpfj6x522bo4vak > .tatsu-column-inner > .tatsu-bottom-divider{z-index: 9999;}.tatsu-fqpfj6x522bo4vak > .tatsu-column-inner > .tatsu-left-divider{z-index: 9999;}.tatsu-fqpfj6x522bo4vak > .tatsu-column-inner > .tatsu-right-divider{z-index: 9999;}@media only screen and (max-width: 767px) {.tatsu-row > .tatsu-fqpfj6x522bo4vak.tatsu-column{width: 100%;}}<\/style><\/div><div  class=\"tatsu-column  tatsu-bg-overlay tatsu-one-third tatsu-animate tatsu-column-image-none tatsu-column-effect-none  tatsu-fqpfj6x5864s2rll\" data-animation=\"fadeInUp\"   data-parallax-speed=\"0\" style=\"\"><div class=\"tatsu-column-inner \" ><div class=\"tatsu-column-pad-wrap\"><div class=\"tatsu-column-pad\" ><div  class=\"tatsu-module tatsu-text-block-wrap tatsu-fqpfj6x58icqez4z  \"><div class=\"tatsu-text-inner tatsu-align-center tatsu-animate clearfix\" data-animation=\"fadeIn\"  ><style>.tatsu-fqpfj6x58icqez4z.tatsu-text-block-wrap .tatsu-text-inner{text-align: left;}<\/style>\n<h5><b>Office hours<\/b><\/h5>\n<\/div><\/div><div  class=\"tatsu-module tatsu-text-block-wrap tatsu-fqpfj6x5and8bcx7  \"><div class=\"tatsu-text-inner tatsu-align-center tatsu-animate clearfix\" data-animation=\"fadeIn\"  ><style>.tatsu-fqpfj6x5and8bcx7.tatsu-text-block-wrap .tatsu-text-inner{text-align: left;}<\/style>\n<p style=\"text-align: left;\"><span style=\"font-weight: 400;\">Monday to Friday<\/span><span style=\"font-weight: 400;\"><br \/><\/span><span style=\"font-weight: 400;\">8:30 a.m. to noon and 1:00 p.m. to 4:30 p.m. <\/span><\/p>\n<\/div><\/div><div  class=\"tatsu-module tatsu-text-block-wrap tatsu-fqpfj6x5f96bwnx9  \"><div class=\"tatsu-text-inner tatsu-align-center tatsu-animate clearfix\" data-animation=\"fadeIn\"  ><style>.tatsu-fqpfj6x5f96bwnx9.tatsu-text-block-wrap .tatsu-text-inner{text-align: left;}<\/style>\n<h5>Phone :<\/h5>\n<p><a href=\"tel:514 767-4040\">514 767-4040<\/a><\/p>\n<p><a href=\"tel:1 800 640-4050\">1 800 640-4050<\/a><\/p>\n<\/div><\/div><div  class=\"tatsu-module tatsu-text-block-wrap tatsu-fqpfj6x5hg4l1x3h  \"><div class=\"tatsu-text-inner tatsu-align-center tatsu-animate clearfix\" data-animation=\"fadeIn\"  ><style>.tatsu-fqpfj6x5hg4l1x3h.tatsu-text-block-wrap .tatsu-text-inner{text-align: left;}<\/style>\n<h5 style=\"text-align: left;\">Mailing address:<\/h5>\n<\/div><\/div><div  class=\"tatsu-module tatsu-text-block-wrap tatsu-fqpfj6x5jncs8fg4  \"><div class=\"tatsu-text-inner tatsu-align-center tatsu-animate clearfix\" data-animation=\"fadeIn\"  ><style>.tatsu-fqpfj6x5jncs8fg4.tatsu-text-block-wrap .tatsu-text-inner{text-align: left;}<\/style>\n<p style=\"text-align: left;\">3, place du Commerce, bureau 501<\/p>\n<p style=\"text-align: left;\">\u00cele-des-S\u0153urs, Verdun (Qu\u00e9bec)<\/p>\n<p style=\"text-align: left;\">H3E 1H7<\/p>\n<\/div><\/div><\/div><\/div><div class = \"tatsu-column-bg-image-wrap\"><div class = \"tatsu-column-bg-image\" ><\/div><\/div><div class=\"tatsu-overlay tatsu-column-overlay tatsu-animate-none\" ><\/div><\/div><style>.tatsu-row > .tatsu-fqpfj6x5864s2rll.tatsu-column{width: 33.33%;}.tatsu-fqpfj6x5864s2rll.tatsu-column > .tatsu-column-inner{background-color: #f4f4f4;}.tatsu-fqpfj6x5864s2rll.tatsu-column > .tatsu-column-inner > .tatsu-column-pad-wrap > .tatsu-column-pad{padding: 10% 10% 10% 10%;}.tatsu-fqpfj6x5864s2rll.tatsu-column{margin: 0px 0px 0px !important;}.tatsu-fqpfj6x5864s2rll.tatsu-column > .tatsu-column-inner > .tatsu-column-overlay{mix-blend-mode: normal;}.tatsu-fqpfj6x5864s2rll > .tatsu-column-inner > .tatsu-top-divider{z-index: 9999;}.tatsu-fqpfj6x5864s2rll > .tatsu-column-inner > .tatsu-bottom-divider{z-index: 9999;}.tatsu-fqpfj6x5864s2rll > .tatsu-column-inner > .tatsu-left-divider{z-index: 9999;}.tatsu-fqpfj6x5864s2rll > .tatsu-column-inner > .tatsu-right-divider{z-index: 9999;}@media only screen and (max-width: 767px) {.tatsu-row > .tatsu-fqpfj6x5864s2rll.tatsu-column{width: 100%;}}<\/style><\/div><\/div><\/div><\/div><div class=\"tatsu-section-background-wrap\"><div class = \"tatsu-section-background\" ><\/div><\/div><div class=\"tatsu-overlay tatsu-section-overlay\"><\/div><style>.tatsu-fqpfj6x4y8bmcvmx{border-width: 0px 0px px 0px;border-style: solid;}.tatsu-fqpfj6x4y8bmcvmx .tatsu-section-pad{padding: 0px 0% 90px 0%;}.tatsu-fqpfj6x4y8bmcvmx > .tatsu-bottom-divider{z-index: 9999;}.tatsu-fqpfj6x4y8bmcvmx > .tatsu-top-divider{z-index: 9999;}.tatsu-fqpfj6x4y8bmcvmx .tatsu-section-overlay{mix-blend-mode: normal;}<\/style><\/div>\n","protected":false},"excerpt":{"rendered":"<p><a href=\"https:\/\/badges-institutpf.org\/en\/contact-us\/\" class=\"more-link style3-button\">Read More<\/a><\/p>","protected":false},"author":1,"featured_media":0,"parent":0,"menu_order":0,"comment_status":"closed","ping_status":"closed","template":"","meta":{"_themeisle_gutenberg_block_has_review":false,"footnotes":""},"class_list":["post-3436","page","type-page","status-publish","hentry"],"_links":{"self":[{"href":"https:\/\/badges-institutpf.org\/en\/wp-json\/wp\/v2\/pages\/3436"}],"collection":[{"href":"https:\/\/badges-institutpf.org\/en\/wp-json\/wp\/v2\/pages"}],"about":[{"href":"https:\/\/badges-institutpf.org\/en\/wp-json\/wp\/v2\/types\/page"}],"author":[{"embeddable":true,"href":"https:\/\/badges-institutpf.org\/en\/wp-json\/wp\/v2\/users\/1"}],"replies":[{"embeddable":true,"href":"https:\/\/badges-institutpf.org\/en\/wp-json\/wp\/v2\/comments?post=3436"}],"version-history":[{"count":0,"href":"https:\/\/badges-institutpf.org\/en\/wp-json\/wp\/v2\/pages\/3436\/revisions"}],"wp:attachment":[{"href":"https:\/\/badges-institutpf.org\/en\/wp-json\/wp\/v2\/media?parent=3436"}],"curies":[{"name":"wp","href":"https:\/\/api.w.org\/{rel}","templated":true}]}}